{"id":97,"date":"2011-06-19T10:36:11","date_gmt":"2011-06-19T10:36:11","guid":{"rendered":"http:\/\/www.jks.hu\/?page_id=97"},"modified":"2011-06-19T10:36:37","modified_gmt":"2011-06-19T10:36:37","slug":"tetsuhiko-asai","status":"publish","type":"page","link":"https:\/\/www.jks.hu\/?page_id=97","title":{"rendered":"Tetsuhiko Asai"},"content":{"rendered":"<p><!-- p.p1 {margin: 0.0px 0.0px 0.0px 0.0px; font: 12.0px 'Times New Roman'} p.p2 {margin: 0.0px 0.0px 0.0px 0.0px; font: 12.0px 'Times New Roman'; min-height: 15.0px} span.s1 {font: 12.0px 'Hiragino Mincho ProN'} --><a href=\"http:\/\/www.jks.hu\/wp-content\/uploads\/2011\/06\/asai.jpg\" rel=\"lightbox[97]\"><img loading=\"lazy\" decoding=\"async\" class=\"aligncenter size-medium wp-image-98\" title=\"Tetsuhiko Asai\" src=\"http:\/\/www.jks.hu\/wp-content\/uploads\/2011\/06\/asai-214x300.jpg\" alt=\"\" width=\"214\" height=\"300\" srcset=\"https:\/\/www.jks.hu\/wp-content\/uploads\/2011\/06\/asai-214x300.jpg 214w, https:\/\/www.jks.hu\/wp-content\/uploads\/2011\/06\/asai.jpg 716w\" sizes=\"auto, (max-width: 214px) 100vw, 214px\" \/><\/a><\/p>\n<p>&nbsp;<\/p>\n<p>Asai Shihan (\u54f2\u5f66\u6d45\u4e95 1935.j\u00fanius 7.-2006. augusztus 15.) a Takushoku egyetemen diplom\u00e1zott, ahol Funakoshi, Nakayama \u00e9s Okazaki mesterek ir\u00e1ny\u00edt\u00e1s\u00e1val kezdte a karat\u00e9t. Az egyetem elv\u00e9gz\u00e9se ut\u00e1n elv\u00e9gezte a h\u00edres JKA Instruktork\u00e9pz\u0151t, majd Hawain \u00e9s Taiwanban oktatta a shotokan karat\u00e9t, ma sz\u00e9les k\u00f6rben elismert, mint a tradicion\u00e1lis karate egyik legnagyobb alakja.<\/p>\n<p>\u0150 az egyike azoknak a JKA mestereknek akik a k\u00ednai harcm\u0171v\u00e9szetekb\u0151l sz\u00e1rmaz\u00f3 k\u00f6rk\u00f6r\u00f6s kit\u00e9r\u0151, cselez\u0151 mozdulatok be\u00e9p\u00edtette a karat\u00e9ba. Nakayama mester h\u00edres \u201eBest Karate\u201d k\u00f6nyv\u00e9nek 3. k\u00f6tet\u00e9ben \u00f6sszegzi Asai Shihan effajta technik\u00e1it.<\/p>\n<p>&#8222;Tetsuhiko Asai \u00f6r\u00f6kk\u00e9 v\u00e1ltoz\u00f3 mozdulatai n\u00e9ha olyanok mint egy l\u00e9gi t\u00e1nc, melyet a n\u00e9z\u0151k a csod\u00e1latt\u00f3l t\u00e1tott sz\u00e1jjal b\u00e1mulnak. \u00c1tb\u00fajni egy r\u00fag\u00f3 l\u00e1ba alatt, az \u00e1gy\u00e9kra \u00fct\u00e9st m\u00e9rni alulr\u00f3l, egy t\u00e1mad\u00e1st egy millim\u00e9terrel elker\u00fclni, az ellenf\u00e9l nyak\u00e1ra \u00fctni a teny\u00e9r \u00e9l\u00e9vel, elind\u00edtani majd megv\u00e1ltoztatni egy l\u00e1bs\u00f6pr\u00e9st \u2013 ezek a bonyolult \u00e9s akrobatikus mutatv\u00e1nyok mind szerepelnek \u00e9s haszn\u00e1latosak a mester k\u00fczdelmeiben. Val\u00f3sz\u00edn\u0171leg nincs hozz\u00e1 hasonl\u00f3. Ut\u00e1nozhatatlan tehets\u00e9ge\u00a0 ifj\u00fakori edz\u00e9seib\u0151l sz\u00e1rmazik, amit er\u0151s cs\u00edp\u0151je, rugalmas teste, m\u00e9ly technikai tud\u00e1sa, kit\u0171n\u0151 reflexei \u00e9s f\u00e9lelmet nem ismer\u0151 b\u00e1tors\u00e1ga m\u00e9g ink\u00e1bb utol\u00e9rhetetlenn\u00e9 teszi.&#8221;Asai Shihan megnyerte a JKA bajnoks\u00e1got 1961-ben kumite \u00e9s 1963-ben kata versenysz\u00e1mban.<\/p>\n<p>Nakayama mester hal\u00e1l\u00e1t k\u00f6vet\u0151en 1987-t\u0151l a JKA vezet\u0151je lettt. A JKA szakad\u00e1s\u00e1t k\u00f6vet\u0151en 1999-ig a JKA Asai-frakci\u00f3 vezet\u0151je, majd JKA perben a b\u00edr\u00f3s\u00e1g kedvez\u0151tlen d\u00f6nt\u00e9se \u00e9rtelm\u00e9ben szervezet\u00e9t \u00e1talak\u00edtja. 2000.-ben alap\u00edtja meg a Japan Karate Shotorenmei Japan szervezetet, melynek vezet\u00e9s\u00e9t hal\u00e1l\u00e1ig el is l\u00e1tja. T\u00f6bb, mint 120 kat\u00e1t gyakorolt \u00e9s tan\u00edtott a karat\u00e9j\u00e1val \u00faj m\u00e9lys\u00e9geit mutatta meg a shotokan karat\u00e9nak.<\/p>\n<p><span style=\"font-size: small;\"><span style=\"line-height: normal;\"> <\/span><\/span><\/p>\n","protected":false},"excerpt":{"rendered":"<p>&nbsp; Asai Shihan (\u54f2\u5f66\u6d45\u4e95 1935.j\u00fanius 7.-2006. augusztus 15.) a Takushoku egyetemen diplom\u00e1zott, ahol Funakoshi, Nakayama \u00e9s Okazaki mesterek ir\u00e1ny\u00edt\u00e1s\u00e1val kezdte a karat\u00e9t. Az egyetem elv\u00e9gz\u00e9se ut\u00e1n elv\u00e9gezte a h\u00edres JKA Instruktork\u00e9pz\u0151t, majd Hawain \u00e9s Taiwanban oktatta a shotokan karat\u00e9t, ma sz\u00e9les k\u00f6rben elismert, mint a tradicion\u00e1lis karate egyik legnagyobb alakja. \u0150 az egyike azoknak a &hellip; <a href=\"https:\/\/www.jks.hu\/?page_id=97\" class=\"more-link\"><span class=\"screen-reader-text\">Tetsuhiko Asai<\/span> b\u0151vebben&#8230; <span class=\"meta-nav\">&rarr;<\/span><\/a><\/p>\n","protected":false},"author":1,"featured_media":0,"parent":0,"menu_order":0,"comment_status":"closed","ping_status":"closed","template":"","meta":{"footnotes":""},"class_list":["post-97","page","type-page","status-publish","hentry"],"_links":{"self":[{"href":"https:\/\/www.jks.hu\/index.php?rest_route=\/wp\/v2\/pages\/97","targetHints":{"allow":["GET"]}}],"collection":[{"href":"https:\/\/www.jks.hu\/index.php?rest_route=\/wp\/v2\/pages"}],"about":[{"href":"https:\/\/www.jks.hu\/index.php?rest_route=\/wp\/v2\/types\/page"}],"author":[{"embeddable":true,"href":"https:\/\/www.jks.hu\/index.php?rest_route=\/wp\/v2\/users\/1"}],"replies":[{"embeddable":true,"href":"https:\/\/www.jks.hu\/index.php?rest_route=%2Fwp%2Fv2%2Fcomments&post=97"}],"version-history":[{"count":3,"href":"https:\/\/www.jks.hu\/index.php?rest_route=\/wp\/v2\/pages\/97\/revisions"}],"predecessor-version":[{"id":100,"href":"https:\/\/www.jks.hu\/index.php?rest_route=\/wp\/v2\/pages\/97\/revisions\/100"}],"wp:attachment":[{"href":"https:\/\/www.jks.hu\/index.php?rest_route=%2Fwp%2Fv2%2Fmedia&parent=97"}],"curies":[{"name":"wp","href":"https:\/\/api.w.org\/{rel}","templated":true}]}}