{"id":66,"date":"2011-06-17T22:06:38","date_gmt":"2011-06-17T22:06:38","guid":{"rendered":"http:\/\/www.jks.hu\/?page_id=66"},"modified":"2026-01-03T08:54:27","modified_gmt":"2026-01-03T08:54:27","slug":"programok","status":"publish","type":"page","link":"https:\/\/www.jks.hu\/?page_id=66","title":{"rendered":"Programok"},"content":{"rendered":"<p>A JKS Magyarorsz\u00e1g \u00a02026-os program<strong>tervezete<\/strong> -folyamatosan pontosod\u00f3 d\u00e1tumokkal-.<\/p>\n<p><span style=\"color: #993300;\"><strong>2026.<\/strong><\/span><\/p>\n<p><strong>Janu\u00e1r<\/strong><\/p>\n<p>2026. janu\u00e1r 23-25. &#8211; Kata Weekend &#8211; Horsholm, D\u00e1nia &#8211; Yamaguchi Takashi \u00e9s Jesper Markvardsen Senseiek vezet\u00e9s\u00e9vel<\/p>\n<p><strong>Febru\u00e1r<br \/>\n<\/strong>2026. febru\u00e1r xx. &#8211; JKS Kyu \u00f6vvizsga &#8211; Budapest<\/p>\n<p><strong>M\u00e1rcius\u00a0<\/strong><br \/>\n2026. m\u00e1rcius 14. &#8211; III. St\u00edlusszervezetek tal\u00e1lkoz\u00f3ja , Gy\u0151r<\/p>\n<p><strong>\u00c1prilis<\/strong><br \/>\n2026- \u00e1prilis 23-26 &#8211; JKS Szemin\u00e1rium &#8211; Koji Arimoto, Daisuke Watanabe mesterekkel &#8211; Romania, Brass\u00f3<\/p>\n<p><strong>J\u00fanius<br \/>\n<\/strong>2026. j\u00fanius 5-7. &#8211; XIX. Asai Sensei eml\u00e9kedz\u0151t\u00e1bor &#8211; Szarvas<\/p>\n<p><strong>Augusztus<\/strong><br \/>\n2026. augusztus xx-xx. &#8211; JKS Ny\u00e1ri edz\u0151t\u00e1bor \u00e9s KYu \u00f6vvizsga<\/p>\n<p><strong>November<\/strong><\/p>\n<p>2026. november xx-xx. &#8211; JKS Nemzetk\u00f6zi edz\u0151t\u00e1bor \u00e9s vizsga &#8211; Tokyo, Jap\u00e1n<\/p>\n<p>Tov\u00e1bbi tervezett programok, az id\u0151pontok m\u00e9g szervez\u00e9s alatt:<br \/>\n&#8211; janu\u00e1r \/ febru\u00e1r \/ m\u00e1rcius JKS \/ SKIF k\u00f6z\u00f6s edz\u0151tov\u00e1bbk\u00e9pz\u00e9s<br \/>\n&#8211; szeptember \/ okt\u00f3ber &#8211; JKS edz\u0151t\u00e1bor \u00e9s danvizsga<br \/>\n&#8211; JKS k\u00f6zgy\u0171l\u00e9s<\/p>\n<p>&nbsp;<\/p>\n<p>Minden \u00e9rdekl\u0151d\u0151t v\u00e1runk szeretettel&#8230; Az edz\u00e9sek folytat\u00f3dnak !<\/p>\n<hr \/>\n<p><span style=\"color: #808080;\"><strong>2025.<\/strong><\/span><\/p>\n<p><span style=\"color: #808080;\"><strong>Febru\u00e1r\u00a0<\/strong><\/span><\/p>\n<p><span style=\"color: #808080;\">2025. febru\u00e1r 2. &#8211; Shotokan St\u00edlusszervezetek \u00c9ves Tal\u00e1lkoz\u00f3ja \u00a0&#8211; Gy\u0151r<\/span><\/p>\n<p><span style=\"color: #808080;\"><strong>M\u00e1rcius<\/strong><\/span><\/p>\n<p><span style=\"color: #808080;\">2025. m\u00e1rcius 7-9. &#8211; JKS \u00a0edz\u0151t\u00e1bor Makita Takuya (6.dan JKS Honbu instruktor)<\/span><\/p>\n<p><span style=\"color: #808080;\"><strong>M\u00e1jus<\/strong><\/span><\/p>\n<p><span style=\"color: #808080;\">2025.m\u00e1jus 10.-11. &#8211; JKS \u00a0kumite edz\u0151t\u00e1bor Daisuke Watanabe \u00a0(5. dan JKS Honbu instruktor)<\/span><\/p>\n<p><span style=\"color: #808080;\"><strong>J\u00fanius<\/strong><\/span><\/p>\n<p><span style=\"color: #808080;\">2025. j\u00fanius 6-8. &#8211; XVIII. Asai Sensei eml\u00e9kt\u00e1bor &#8211; Szarvas (?)<\/span><\/p>\n<p><span style=\"color: #808080;\"><strong>Szeptember<\/strong><\/span><\/p>\n<p><span style=\"color: #808080;\">2025. szeptember 5.-8. &#8211; JKS \u00a0edz\u0151t\u00e1bor Shihan Masao Kagawa (9.dan JKS \u00a0Shuseki Shihan)<\/span><\/p>\n<p><span style=\"color: #808080;\">2025. szeptember 10-13. &#8211; JKS Eur\u00f3pa-bajnoks\u00e1g &#8211; D\u00e1nia<\/span><\/p>\n<p><span style=\"color: #808080;\"><strong>November<\/strong><\/span><\/p>\n<p><span style=\"color: #808080;\">2025. november xx . &#8211; II. JKS B\u00edr\u00f3i- \u00e9s edz\u0151i tov\u00e1bbk\u00e9pz\u00e9s<\/span><\/p>\n<hr \/>\n<p><span style=\"color: #808080;\"><strong>2024.<\/strong><\/span><\/p>\n<p><span style=\"color: #808080;\"><strong>Janu\u00e1r<\/strong><\/span><\/p>\n<p><span style=\"color: #808080;\">2024. janu\u00e1r 20. &#8211; JKS Mo. k\u00f6zgy\u0171l\u00e9s &#8211; Budapest<\/span><\/p>\n<p><span style=\"color: #808080;\"><strong>Febru\u00e1r<\/strong><\/span><\/p>\n<p><span style=\"color: #808080;\">2024. febru\u00e1r 18. &#8211; Shotokan St\u00edlusszervezetek tal\u00e1lkoz\u00f3ja &#8211; Gy\u0151r &#8211; <em>r\u00e9szletek hamarosan<\/em><\/span><\/p>\n<p><span style=\"color: #808080;\"><strong>M\u00e1rcius<\/strong><\/span><\/p>\n<p><span style=\"color: #808080;\">2024.m\u00e1rcius 27. &#8211; JKS Karate Szemin\u00e1rium \u00e9s \u00a0danvizsgalehet\u0151s\u00e9g Masao Kagawa Shihan vezet\u00e9s\u00e9vel Budapesten &#8211;<em> r\u00e9szletek hamarosan<\/em><\/span><\/p>\n<p><span style=\"color: #808080;\"><strong>M\u00e1jus<\/strong><\/span><\/p>\n<p><span style=\"color: #808080;\">2024. m\u00e1jus 18. &#8211; Haru Kupa (WKF szab\u00e1lyrendszer ) &#8211; Zalaegerszeg<\/span><\/p>\n<p><span style=\"color: #808080;\"><strong>J\u00fanius<\/strong><\/span><\/p>\n<p><span style=\"color: #808080;\">2024. j\u00fanius 7.-9. &#8211; XVII. Asai Sensei eml\u00e9kt\u00e1bor &#8211; Szarvas (?)<\/span><\/p>\n<p><span style=\"color: #808080;\"><strong>J\u00falius<\/strong><\/span><\/p>\n<p><span style=\"color: #808080;\">2024. j\u00falius 25-26. &#8211; 6. JKS Vil\u00e1gbajnoks\u00e1g, Tokyo, Jap\u00e1n &#8211; Yoyogi Gymnasium &#8211; <em>r\u00e9szletek \u00e9s jelentkez\u00e9s hamarosan<\/em><\/span><\/p>\n<p><span style=\"color: #808080;\"><strong>Augusztus<\/strong><\/span><\/p>\n<p><span style=\"color: #808080;\">2024. augusztus 7.-11. &#8211; JKS ny\u00e1ri \u00f6sszevont edz\u0151t\u00e1bor &#8211; Csesztregi<\/span><\/p>\n<p><span style=\"color: #808080;\"><strong>Szeptember\u00a0<\/strong><\/span><\/p>\n<p><span style=\"color: #808080;\">2024. szeptember 28. &#8211; IV. JKS Orsz\u00e1gos bajnoks\u00e1g<\/span><\/p>\n<p><span style=\"color: #808080;\">November<\/span><\/p>\n<p><span style=\"color: #808080;\">2024. november 10. \u00a0&#8211; JKS hivatalos edz\u0151i \u00e9s b\u00edr\u00f3i k\u00e9pz\u00e9s, Budapest<\/span><\/p>\n<p><span style=\"color: #808080;\"><strong>Janu\u00e1r<\/strong><\/span><\/p>\n<p><span style=\"color: #808080;\">2023. janu\u00e1r 27.-28. Zalaegerszeg &#8211; \u00c9vind\u00edt\u00f3 k\u00f6z\u00f6s \u00f6sszevont JKS edz\u00e9s &#8211; r\u00e9szletek <a style=\"color: #808080;\" href=\"https:\/\/www.facebook.com\/events\/3482095558782927\/?acontext=%7B%22event_action_history%22%3A[%7B%22extra_data%22%3A%22%22%2C%22mechanism%22%3A%22left_rail%22%2C%22surface%22%3A%22bookmark%22%7D%2C%7B%22extra_data%22%3A%22%22%2C%22mechanism%22%3A%22calendar_tab_event%22%2C%22surface%22%3A%22bookmark_calendar%22%7D]%2C%22ref_notif_type%22%3Anull%7D\">ITT<\/a><\/span><\/p>\n<p><span style=\"color: #808080;\"><strong>Febru\u00e1r<\/strong><\/span><\/p>\n<p><span style=\"color: #808080;\">2023. febru\u00e1r 4. &#8211; 14.00 &#8211; Budapest, B\u00edbor dojo &#8211; Danvizsga felk\u00e9sz\u00edt\u0151 edz\u00e9s<\/span><\/p>\n<p><span style=\"color: #808080;\">2023. febru\u00e1r 25- Tata &#8211; JKS Karate Szemin\u00e1rium Masao Kagawa Shihan vezet\u00e9s\u00e9vel &#8211; r\u00e9szletek <a style=\"color: #808080;\" href=\"https:\/\/www.facebook.com\/events\/579953337293018?acontext=%7B%22event_action_history%22%3A[%7B%22extra_data%22%3A%22%22%2C%22mechanism%22%3A%22calendar_tab_event%22%2C%22surface%22%3A%22bookmark_calendar%22%7D%2C%7B%22extra_data%22%3A%22%22%2C%22mechanism%22%3A%22left_rail%22%2C%22surface%22%3A%22bookmark%22%7D%2C%7B%22extra_data%22%3A%22%22%2C%22mechanism%22%3A%22calendar_tab_event%22%2C%22surface%22%3A%22bookmark_calendar%22%7D]%2C%22ref_notif_type%22%3Anull%7D\">ITT<\/a><\/span><\/p>\n<p><span style=\"color: #808080;\">2023. febru\u00e1r 26. &#8211; Zalaegerszeg &#8211; JKS Karate Szemin\u00e1rium Masao Kagawa Shihan vezet\u00e9s\u00e9vel &#8211; r\u00e9szletek <a style=\"color: #808080;\" href=\"https:\/\/www.facebook.com\/events\/1223461995211387?acontext=%7B%22event_action_history%22%3A[%7B%22extra_data%22%3A%22%22%2C%22mechanism%22%3A%22calendar_tab_event%22%2C%22surface%22%3A%22bookmark_calendar%22%7D%2C%7B%22extra_data%22%3A%22%22%2C%22mechanism%22%3A%22left_rail%22%2C%22surface%22%3A%22bookmark%22%7D%2C%7B%22extra_data%22%3A%22%22%2C%22mechanism%22%3A%22calendar_tab_event%22%2C%22surface%22%3A%22bookmark_calendar%22%7D]%2C%22ref_notif_type%22%3Anull%7D\">ITT<\/a><\/span><\/p>\n<p><span style=\"color: #808080;\">2023.febru\u00e1r 27. &#8211; Budapest \u00a0&#8211; JKS Karate Szemin\u00e1rium Masao Kagawa Shihan vezet\u00e9s\u00e9vel &#8211; r\u00e9szletek <a style=\"color: #808080;\" href=\"https:\/\/www.facebook.com\/events\/706028274376654?acontext=%7B%22event_action_history%22%3A[%7B%22extra_data%22%3A%22%22%2C%22mechanism%22%3A%22calendar_tab_event%22%2C%22surface%22%3A%22bookmark_calendar%22%7D%2C%7B%22extra_data%22%3A%22%22%2C%22mechanism%22%3A%22left_rail%22%2C%22surface%22%3A%22bookmark%22%7D%2C%7B%22extra_data%22%3A%22%22%2C%22mechanism%22%3A%22calendar_tab_event%22%2C%22surface%22%3A%22bookmark_calendar%22%7D]%2C%22ref_notif_type%22%3Anull%7D\">ITT<\/a><\/span><\/p>\n<p><span style=\"color: #808080;\">2023.febru\u00e1r 28. &#8211; Eger &#8211; JKS Karate Szemin\u00e1rium Masao Kagawa Shihan vezet\u00e9s\u00e9vel &#8211; r\u00e9szletek <a style=\"color: #808080;\" href=\"https:\/\/www.facebook.com\/events\/533954112087792?acontext=%7B%22event_action_history%22%3A[%7B%22extra_data%22%3A%22%22%2C%22mechanism%22%3A%22calendar_tab_event%22%2C%22surface%22%3A%22bookmark_calendar%22%7D%2C%7B%22extra_data%22%3A%22%22%2C%22mechanism%22%3A%22left_rail%22%2C%22surface%22%3A%22bookmark%22%7D%2C%7B%22extra_data%22%3A%22%22%2C%22mechanism%22%3A%22calendar_tab_event%22%2C%22surface%22%3A%22bookmark_calendar%22%7D]%2C%22ref_notif_type%22%3Anull%7D\">ITT<\/a><\/span><\/p>\n<p><span style=\"color: #808080;\"><strong>M\u00e1rcius<\/strong><\/span><\/p>\n<p><span style=\"color: #808080;\">2023. m\u00e1rcius 18. -14.00- \u00a0JKS. Kyu vizsga gyerekeknek Budapest Hombu Dojo<\/span><\/p>\n<p><span style=\"color: #808080;\"><strong>\u00c1prilis<\/strong><\/span><\/p>\n<p><span style=\"color: #808080;\">2023. \u00e1prilis 1-3. &#8211; JKS Online Spring Seminar from Tokyo Honbu Dojo<\/span><\/p>\n<p><span style=\"color: #808080;\">2023. \u00e1prilis &#8211; Budapest &#8211; JKS \u00f6sszevont edz\u00e9s<\/span><\/p>\n<p><span style=\"color: #808080;\"><strong>J\u00fanius<\/strong><\/span><\/p>\n<p><span style=\"color: #808080;\">2023. j\u00fanius 2-5. &#8211; Asai Sensei eml\u00e9kt\u00e1bor -B\u00e9k\u00e9sszentandr\u00e1s\/Szarvas (JKS koten kata t\u00e1bor) -T\u00e9ma: Kakuyoku Sandan<\/span><\/p>\n<p><span style=\"color: #808080;\"><strong>Augusztus<\/strong><\/span><\/p>\n<p><span style=\"color: #808080;\">2023. j\u00falius 30.-2023. augusztus 2. \u00a0&#8211; \u00d6sszevont ny\u00e1ri JKS edz\u0151t\u00e1bor Csesztreg<\/span><\/p>\n<p><span style=\"color: #808080;\"><strong>Szeptember<\/strong><\/span><\/p>\n<p><span style=\"color: #808080;\">2023. szeptember. 23. -III. JKS Magyarorsz\u00e1g Orsz\u00e1gos Bajnoks\u00e1g &#8211; Zalaegerszegen &#8211; r\u00e9szletek <a style=\"color: #808080;\" href=\"http:\/\/www.jks.hu\/?p=1373\">ITT<\/a><\/span><\/p>\n<p><span style=\"color: #808080;\"><strong>Okt\u00f3ber<\/strong><\/span><\/p>\n<p><span style=\"color: #808080;\">2023. okt\u00f3ber. 9. -JKS \u00a0edz\u0151t\u00e1bor Makita Takuya (6.dan JKS Honbu) instruktorral &#8211; r\u00e9szletek <a style=\"color: #808080;\" href=\"https:\/\/www.facebook.com\/events\/856176412559995\/?acontext=%7B%22event_action_history%22%3A[%7B%22mechanism%22%3A%22your_upcoming_events_unit%22%2C%22surface%22%3A%22bookmark%22%7D]%2C%22ref_notif_type%22%3Anull%7D\">ITT<\/a><\/span><\/p>\n<p><span style=\"color: #808080;\"><strong>November<\/strong><\/span><\/p>\n<p><span style=\"color: #808080;\">2023. november \u00a0&#8211; \u00a0JKS Nemeztk\u00f6zi edz\u0151t\u00e1bor &#8211; Tokyo, Jap\u00e1n &#8211; <em>r\u00e9szletek hamarosan<\/em><\/span><\/p>\n<hr \/>\n<p>&nbsp;<\/p>\n","protected":false},"excerpt":{"rendered":"<p>A JKS Magyarorsz\u00e1g \u00a02026-os programtervezete -folyamatosan pontosod\u00f3 d\u00e1tumokkal-. 2026. Janu\u00e1r 2026. janu\u00e1r 23-25. &#8211; Kata Weekend &#8211; Horsholm, D\u00e1nia &#8211; Yamaguchi Takashi \u00e9s Jesper Markvardsen Senseiek vezet\u00e9s\u00e9vel Febru\u00e1r 2026. febru\u00e1r xx. &#8211; JKS Kyu \u00f6vvizsga &#8211; Budapest M\u00e1rcius\u00a0 2026. m\u00e1rcius 14. &#8211; III. St\u00edlusszervezetek tal\u00e1lkoz\u00f3ja , Gy\u0151r \u00c1prilis 2026- \u00e1prilis 23-26 &#8211; JKS Szemin\u00e1rium &#8211; &hellip; <a href=\"https:\/\/www.jks.hu\/?page_id=66\" class=\"more-link\"><span class=\"screen-reader-text\">Programok<\/span> b\u0151vebben&#8230; <span class=\"meta-nav\">&rarr;<\/span><\/a><\/p>\n","protected":false},"author":1,"featured_media":0,"parent":0,"menu_order":0,"comment_status":"closed","ping_status":"closed","template":"","meta":{"footnotes":""},"class_list":["post-66","page","type-page","status-publish","hentry"],"_links":{"self":[{"href":"https:\/\/www.jks.hu\/index.php?rest_route=\/wp\/v2\/pages\/66","targetHints":{"allow":["GET"]}}],"collection":[{"href":"https:\/\/www.jks.hu\/index.php?rest_route=\/wp\/v2\/pages"}],"about":[{"href":"https:\/\/www.jks.hu\/index.php?rest_route=\/wp\/v2\/types\/page"}],"author":[{"embeddable":true,"href":"https:\/\/www.jks.hu\/index.php?rest_route=\/wp\/v2\/users\/1"}],"replies":[{"embeddable":true,"href":"https:\/\/www.jks.hu\/index.php?rest_route=%2Fwp%2Fv2%2Fcomments&post=66"}],"version-history":[{"count":93,"href":"https:\/\/www.jks.hu\/index.php?rest_route=\/wp\/v2\/pages\/66\/revisions"}],"predecessor-version":[{"id":1537,"href":"https:\/\/www.jks.hu\/index.php?rest_route=\/wp\/v2\/pages\/66\/revisions\/1537"}],"wp:attachment":[{"href":"https:\/\/www.jks.hu\/index.php?rest_route=%2Fwp%2Fv2%2Fmedia&parent=66"}],"curies":[{"name":"wp","href":"https:\/\/api.w.org\/{rel}","templated":true}]}}