{"id":45,"date":"2011-05-27T09:40:08","date_gmt":"2011-05-27T09:40:08","guid":{"rendered":"http:\/\/www.jks.hu\/?page_id=45"},"modified":"2011-08-24T09:35:51","modified_gmt":"2011-08-24T09:35:51","slug":"jks-magyarorszag","status":"publish","type":"page","link":"https:\/\/www.jks.hu\/?page_id=45","title":{"rendered":"JKS Magyarorsz\u00e1g"},"content":{"rendered":"<p><span style=\"color: #800000;\"><strong>Bemutatkoz\u00e1s<\/strong><\/span><\/p>\n<p>The Japan Karate Shotofederation Magyarorsz\u00e1g (JKS Hungary) k\u00f6zvetlen szervezete a Japan Karate Shotofederation NPO Japan szervezetnek. A Japan Karate Shotorenmei Hungary 2011-ben\u00a0 alakult meg hivatalosan Yutaka Koike Sensei szakmai seg\u00edts\u00e9g\u00e9vel \u00e9s k\u00f6zvetlen fel\u00fcgyelet\u00e9vel.<\/p>\n<p><span style=\"color: #993300;\"><strong>A Sz\u00f6vets\u00e9gr\u0151l<\/strong><\/span><\/p>\n<p>A JKS karatesz\u00f6vets\u00e9g technikai f\u0151instruktora Masao Kagawa Sensei, a csatlakozott orsz\u00e1gok, \u00edgy Magyarorsz\u00e1g is a JKS technikai standardjainak betart\u00e1sa mellet, a JKS ir\u00e1nyelvek ment\u00e9n, akt\u00edvan vesznek r\u00e9szt a sz\u00f6vets\u00e9g munk\u00e1j\u00e1ban.<\/p>\n<p><span style=\"color: #993300;\"><strong>A JKS Magyarorsz\u00e1g c\u00e9lkit\u0171z\u00e9sei:<\/strong><\/span><\/p>\n<ul>\n<li>A tradicion\u00e1lis shotokan karate oktat\u00e1sa a JKS Hombu Dojo, Japan ir\u00e1nyelvei alapj\u00e1n.<\/li>\n<li>Meg\u0151rizni egy fair, szab\u00e1lyosan m\u0171k\u00f6d\u0151 sz\u00f6vets\u00e9get, mely els\u0151dleges c\u00e9lj\u00e1nak\u00a0 a karat\u00e9t tekinti;<\/li>\n<li>Magas min\u0151s\u00e9g\u0171 oktat\u00e1st \u00e9s versenylehet\u0151s\u00e9get k\u00edv\u00e1n biztos\u00edtani tagjainak;<\/li>\n<li>Tagjainak csak Jap\u00e1nban regisztr\u00e1lt dandiplom\u00e1kat tesz el\u00e9rhet\u0151v\u00e9;<\/li>\n<li>Lehet\u0151s\u00e9get biztos\u00edt a JKS instruktori, b\u00edr\u00f3i \u00e9s vizsg\u00e1ztat\u00f3i tov\u00e1bbk\u00e9pz\u00e9sre \u00e9s vizsg\u00e1ra.<\/li>\n<li>Seg\u00edti a tan\u00edtv\u00e1nyok \u00e9s instruktorok karate tanulm\u00e1nyait \u00e9s el\u0151menetel\u00e9t;<\/li>\n<li>Fenntartja \u00e9s fejleszti a kapcsolatot a Jap\u00e1n K\u00f6zponttal;<\/li>\n<li>A JKS Mo. auton\u00f3mi\u00e1j\u00e1t fenntartva m\u00e1s sz\u00f6vets\u00e9gekkel is sz\u00edvesen dolgozik egy\u00fctt, cser\u00e9l tud\u00e1st.<\/li>\n<\/ul>\n<p>&nbsp;<\/p>\n<p>A JKS Hungary c\u00e9lja, hogy olyan nyitott gondolkod\u00e1s\u00fa karat\u00e9t gyakorl\u00f3knak biztos\u00edtson stabil, megb\u00edzhat\u00f3 h\u00e1tteret, akik k\u00f6z\u00f6sen k\u00edv\u00e1nnak fejl\u0151d\u00e9st el\u00e9rni a karat\u00e9ban. C\u00e9lunk meg\u0151rizni azt az \u00f6r\u00f6ks\u00e9get, amit 2000-ben a JKS sz\u00f6vets\u00e9g alap\u00edt\u00e1s\u00e1val Tetsuhiko Asai mester l\u00e9trehozott, s a Sensei 2006-os hal\u00e1la \u00f3ta Masao Kagawa Sensei fejleszt \u00e9s \u00f3v meg. A magyar szervezet feladat\u00e1nak tekinti a JKS pozici\u00f3j\u00e1nak er\u0151s\u00edt\u00e9s\u00e9t, s h\u00edrnev\u00e9nek meg\u0151rz\u00e9s\u00e9t. A JKS ir\u00e1nt \u00e9rdekl\u0151d\u0151 klubok \u00e9s Egyes\u00fcletek jelentkez\u00e9s\u00e9t az office@jks.hu c\u00edmen v\u00e1rjuk.<\/p>\n","protected":false},"excerpt":{"rendered":"<p>Bemutatkoz\u00e1s The Japan Karate Shotofederation Magyarorsz\u00e1g (JKS Hungary) k\u00f6zvetlen szervezete a Japan Karate Shotofederation NPO Japan szervezetnek. A Japan Karate Shotorenmei Hungary 2011-ben\u00a0 alakult meg hivatalosan Yutaka Koike Sensei szakmai seg\u00edts\u00e9g\u00e9vel \u00e9s k\u00f6zvetlen fel\u00fcgyelet\u00e9vel. A Sz\u00f6vets\u00e9gr\u0151l A JKS karatesz\u00f6vets\u00e9g technikai f\u0151instruktora Masao Kagawa Sensei, a csatlakozott orsz\u00e1gok, \u00edgy Magyarorsz\u00e1g is a JKS technikai standardjainak betart\u00e1sa &hellip; <a href=\"https:\/\/www.jks.hu\/?page_id=45\" class=\"more-link\"><span class=\"screen-reader-text\">JKS Magyarorsz\u00e1g<\/span> b\u0151vebben&#8230; <span class=\"meta-nav\">&rarr;<\/span><\/a><\/p>\n","protected":false},"author":1,"featured_media":0,"parent":0,"menu_order":0,"comment_status":"closed","ping_status":"closed","template":"","meta":{"footnotes":""},"class_list":["post-45","page","type-page","status-publish","hentry"],"_links":{"self":[{"href":"https:\/\/www.jks.hu\/index.php?rest_route=\/wp\/v2\/pages\/45","targetHints":{"allow":["GET"]}}],"collection":[{"href":"https:\/\/www.jks.hu\/index.php?rest_route=\/wp\/v2\/pages"}],"about":[{"href":"https:\/\/www.jks.hu\/index.php?rest_route=\/wp\/v2\/types\/page"}],"author":[{"embeddable":true,"href":"https:\/\/www.jks.hu\/index.php?rest_route=\/wp\/v2\/users\/1"}],"replies":[{"embeddable":true,"href":"https:\/\/www.jks.hu\/index.php?rest_route=%2Fwp%2Fv2%2Fcomments&post=45"}],"version-history":[{"count":6,"href":"https:\/\/www.jks.hu\/index.php?rest_route=\/wp\/v2\/pages\/45\/revisions"}],"predecessor-version":[{"id":48,"href":"https:\/\/www.jks.hu\/index.php?rest_route=\/wp\/v2\/pages\/45\/revisions\/48"}],"wp:attachment":[{"href":"https:\/\/www.jks.hu\/index.php?rest_route=%2Fwp%2Fv2%2Fmedia&parent=45"}],"curies":[{"name":"wp","href":"https:\/\/api.w.org\/{rel}","templated":true}]}}