{"id":41,"date":"2011-05-27T09:36:17","date_gmt":"2011-05-27T09:36:17","guid":{"rendered":"http:\/\/www.jks.hu\/?page_id=41"},"modified":"2011-06-17T22:04:19","modified_gmt":"2011-06-17T22:04:19","slug":"a-jks-rol","status":"publish","type":"page","link":"https:\/\/www.jks.hu\/?page_id=41","title":{"rendered":"A JKS szervezet"},"content":{"rendered":"<p>A JKS szervezetet 2000-ben a JKA n\u00e9v\u00e9rt folytatott b\u00edr\u00f3s\u00e1gi k\u0171zdelem elveszt\u00e9se ut\u00e1n hozta l\u00e9tre Tetsuhiko Asai Sensei a JKA Matsuno frakci\u00f3 egyenes\u00e1g\u00fa folytat\u00e1sak\u00e9nt. Asai Sensei 2006-os hal\u00e1la \u00f3ta Masao Kagawa Sensei l\u00e1tja el a JKS technikai vezet\u00e9s\u00e9t.<\/p>\n<p><strong><span style=\"color: #993300;\">A JKS Karate<\/span><\/strong><\/p>\n<p>A Karate c\u00e9lja a technik\u00e1kon kereszt\u00fcl fejleszteni a szem\u00e9lyis\u00e9get a test-l\u00e9lek-technika h\u00e1rmas\u00e1n kereszt\u00fcl. A JKS karate legfontosabb alapelve az &#8222;eg\u00e9sz \u00e9leten \u00e1t&#8221; tart\u00f3 karate, \u00edgy nem csup\u00e1n a fiataloknak \u00e9s \u00e9lsportol\u00f3k folyamatos edz\u00e9se a c\u00e9l a versenyz\u0151i &#8222;ki\u00f6reged\u00e9sig&#8221;, hanem \u00a0minden koroszt\u00e1ly sz\u00e1m\u00e1ra igyekszik biztos\u00edtani az egy\u00fctt edz\u00e9s \u00e9s gyakorl\u00e1s \u00e9lm\u00e9ny\u00e9t.<\/p>\n<p>A JKS NPO ma jap\u00e1n m\u00e1sodik legnagyobb shotokan karate szervezete, mely m\u00e1ra a vil\u00e1g t\u00f6bbi orsz\u00e1g\u00e1ban is tekint\u00e9lyes mennyis\u00e9g\u0171 gyakorl\u00f3val b\u00fcszk\u00e9lkedhet. A Honbu instruktorai k\u00f6z\u00fcl t\u00f6bben mind a tradicion\u00e1lis Jap\u00e1n Karate Bajnoks\u00e1g,mind az egyre nagyobb n\u00e9pszer\u0171s\u00e9gnek \u00f6rvend\u0151 sportkarate WKF versenyein kiemelked\u0151 eredm\u00e9nyeket \u00e9rtek el. A szakmai munka min\u0151s\u00e9g\u00e9t jelzi, hogy f\u0151instruktorunk Masao Kagawa Sensei a jap\u00e1n nemzeti v\u00e1logatott edz\u0151je, mind a tradicion\u00e1lis, mind a WKF szab\u00e1lyrendszere szerint.<\/p>\n<p>A JKS sz\u00f6vets\u00e9g a tradici\u00f3k meg\u0151rz\u00e9se mellett nyitott a karate fejl\u0151d\u00e9s\u00e9re, j\u00f3l jellemzi ezt a gondolkod\u00e1st az Asai Sensei \u00e1ltal fejlesztett kat\u00e1k oktat\u00e1sa ugyanannyira, mint a JKS \u00e1ltal oktatott &#8222;Kerekessz\u00e9kes Karate&#8221;, mely a mozg\u00e1sukban akad\u00e1lyozatatottak sz\u00e1m\u00e1ra is el\u00e9rhet\u0151v\u00e9 teszi a karate gyakorl\u00e1s\u00e1nak \u00e9lm\u00e9ny\u00e9t.<\/p>\n<p style=\"text-align: center;\"><a href=\"http:\/\/www.jks.hu\/wp-content\/uploads\/2011\/05\/jks_main.jpg\" rel=\"lightbox[41]\"><img loading=\"lazy\" decoding=\"async\" class=\"aligncenter size-full wp-image-42\" title=\"jks_main\" src=\"http:\/\/www.jks.hu\/wp-content\/uploads\/2011\/05\/jks_main.jpg\" alt=\"\" width=\"380\" height=\"240\" srcset=\"https:\/\/www.jks.hu\/wp-content\/uploads\/2011\/05\/jks_main.jpg 380w, https:\/\/www.jks.hu\/wp-content\/uploads\/2011\/05\/jks_main-300x189.jpg 300w\" sizes=\"auto, (max-width: 380px) 100vw, 380px\" \/><\/a>A JKS Honbu dojo instruktorai<\/p>\n","protected":false},"excerpt":{"rendered":"<p>A JKS szervezetet 2000-ben a JKA n\u00e9v\u00e9rt folytatott b\u00edr\u00f3s\u00e1gi k\u0171zdelem elveszt\u00e9se ut\u00e1n hozta l\u00e9tre Tetsuhiko Asai Sensei a JKA Matsuno frakci\u00f3 egyenes\u00e1g\u00fa folytat\u00e1sak\u00e9nt. Asai Sensei 2006-os hal\u00e1la \u00f3ta Masao Kagawa Sensei l\u00e1tja el a JKS technikai vezet\u00e9s\u00e9t. A JKS Karate A Karate c\u00e9lja a technik\u00e1kon kereszt\u00fcl fejleszteni a szem\u00e9lyis\u00e9get a test-l\u00e9lek-technika h\u00e1rmas\u00e1n kereszt\u00fcl. A JKS &hellip; <a href=\"https:\/\/www.jks.hu\/?page_id=41\" class=\"more-link\"><span class=\"screen-reader-text\">A JKS szervezet<\/span> b\u0151vebben&#8230; <span class=\"meta-nav\">&rarr;<\/span><\/a><\/p>\n","protected":false},"author":1,"featured_media":0,"parent":0,"menu_order":0,"comment_status":"closed","ping_status":"closed","template":"","meta":{"footnotes":""},"class_list":["post-41","page","type-page","status-publish","hentry"],"_links":{"self":[{"href":"https:\/\/www.jks.hu\/index.php?rest_route=\/wp\/v2\/pages\/41","targetHints":{"allow":["GET"]}}],"collection":[{"href":"https:\/\/www.jks.hu\/index.php?rest_route=\/wp\/v2\/pages"}],"about":[{"href":"https:\/\/www.jks.hu\/index.php?rest_route=\/wp\/v2\/types\/page"}],"author":[{"embeddable":true,"href":"https:\/\/www.jks.hu\/index.php?rest_route=\/wp\/v2\/users\/1"}],"replies":[{"embeddable":true,"href":"https:\/\/www.jks.hu\/index.php?rest_route=%2Fwp%2Fv2%2Fcomments&post=41"}],"version-history":[{"count":2,"href":"https:\/\/www.jks.hu\/index.php?rest_route=\/wp\/v2\/pages\/41\/revisions"}],"predecessor-version":[{"id":65,"href":"https:\/\/www.jks.hu\/index.php?rest_route=\/wp\/v2\/pages\/41\/revisions\/65"}],"wp:attachment":[{"href":"https:\/\/www.jks.hu\/index.php?rest_route=%2Fwp%2Fv2%2Fmedia&parent=41"}],"curies":[{"name":"wp","href":"https:\/\/api.w.org\/{rel}","templated":true}]}}