{"id":108,"date":"2011-06-28T09:06:02","date_gmt":"2011-06-28T09:06:02","guid":{"rendered":"http:\/\/www.jks.hu\/?page_id=108"},"modified":"2011-06-28T09:09:41","modified_gmt":"2011-06-28T09:09:41","slug":"masao-kagawa","status":"publish","type":"page","link":"https:\/\/www.jks.hu\/?page_id=108","title":{"rendered":"Masao Kagawa"},"content":{"rendered":"<p>Masao Kagawa Sensei (8.dan) a JKS jelenlegi technikai vezet\u0151je. 1955-ben sz\u00fcletett Osak\u00e1ban. Karate tanulm\u00e1nyait 17 \u00e9vesen kezdte az akkor m\u00e9g akt\u00edv karat\u00e9ka b\u00e1tyja (Masayoshi Kagawa) \u00a0ir\u00e1ny\u00edt\u00e1s\u00e1val, majd a Teikyo Egyetem csapat\u00e1nak tagjak\u00e9nt lett az akkori JKA instruktora. Az instruktork\u00e9pz\u0151ben olyan mesterekt\u0151l tanulta a shotokan karat\u00e9t, mint Nakayama, Asai, Tanaka, Ueki, Abe mesterek.<\/p>\n<p style=\"text-align: center;\"><a href=\"http:\/\/www.jks.hu\/wp-content\/uploads\/2011\/06\/articles_kagawa21.jpg\" rel=\"lightbox[108]\"><img loading=\"lazy\" decoding=\"async\" class=\"aligncenter size-full wp-image-112\" title=\"articles_kagawa2\" src=\"http:\/\/www.jks.hu\/wp-content\/uploads\/2011\/06\/articles_kagawa21.jpg\" alt=\"\" width=\"250\" height=\"261\" \/><\/a><\/p>\n<p>Kagawa Sensei kiemelked\u0151 versenyeredm\u00e9nyekkel is rendelkezik, olyan versenyz\u0151kkel \u00a0szemben versenyzett eredm\u00e9nyesen, mint Yahara Sensei, Yamamoto Sensei. Az eredm\u00e9nyes versenyz\u0151i p\u00e1lyafut\u00e1snak tudhat\u00f3 be, hogy pillanatnyilag a Jap\u00e1n Nemzeti V\u00e1logatott edz\u0151je, mind az Ippon-Shobu, mind a WKF szab\u00e1lyrendszer keretein bel\u00fcl. A versenyszab\u00e1lyokkal kapcsolatban t\u00f6bbsz\u00f6r hangs\u00falyozta, hogy &#8222;csak a szab\u00e1lyrendszerben van k\u00fcl\u00f6nbs\u00e9g, a karate ugyanaz&#8221;. Igen sok eredm\u00e9nyes versenyz\u0151t nevelt ki, akik mindk\u00e9t szab\u00e1lyrendszerben k\u00edv\u00e1l\u00f3an helyt\u00e1llnak, s\u0151t a karate m\u00e9lyebb ismerete is jellemzi \u0151ket (pl. Shinji Nagaki Sensei).<\/p>\n<p>Kagawa Sensei h\u00edres technikai precizit\u00e1s\u00e1r\u00f3l, nyugodt, rugalmas technik\u00e1ir\u00f3l, rendk\u00edv\u00fcli r\u00fag\u00e1sair\u00f3l. A kat\u00e1k k\u00f6z\u00fcl a Sochin \u00e9s a Bassai Dai kat\u00e1kat j\u00e1rta legt\u00f6bbsz\u00f6r versenyen.<\/p>\n<p>Kagawa Sensei elve, hogy mindennap h\u0171 maradjon a Funakoshi Sensei-Nakayama Sensei -Asai Sensei \u00e1ltal meghat\u00e1rozott \u00fathoz.<\/p>\n<p>N\u00e9h\u00e1ny versenyeredm\u00e9nye:<\/p>\n<ul>\n<li>\n<div>5. Kanto Students Karate-do Bajnoks\u00e1g \u2013 F\u00e9rfi egy\u00e9ni kata \u00e9s kumite 1. hely<\/div>\n<\/li>\n<li>\n<div>1. Karate-Do Vil\u00e1gkupa \u2013 A f\u00e9rfi csapat kata 1. hely<\/div>\n<\/li>\n<li>\n<div>3. Shoto Vil\u00e1gkupa \u2013F\u00e9rfi egy\u00e9ni kumite 1. hely<\/div>\n<\/li>\n<li>\n<div>28. All Japan Championships \u2013F\u00e9rfi egy\u00e9ni kata \u00e9s kumite 1. hely<\/div>\n<\/li>\n<\/ul>\n<p>&nbsp;<\/p>\n","protected":false},"excerpt":{"rendered":"<p>Masao Kagawa Sensei (8.dan) a JKS jelenlegi technikai vezet\u0151je. 1955-ben sz\u00fcletett Osak\u00e1ban. Karate tanulm\u00e1nyait 17 \u00e9vesen kezdte az akkor m\u00e9g akt\u00edv karat\u00e9ka b\u00e1tyja (Masayoshi Kagawa) \u00a0ir\u00e1ny\u00edt\u00e1s\u00e1val, majd a Teikyo Egyetem csapat\u00e1nak tagjak\u00e9nt lett az akkori JKA instruktora. Az instruktork\u00e9pz\u0151ben olyan mesterekt\u0151l tanulta a shotokan karat\u00e9t, mint Nakayama, Asai, Tanaka, Ueki, Abe mesterek. Kagawa Sensei kiemelked\u0151 &hellip; <a href=\"https:\/\/www.jks.hu\/?page_id=108\" class=\"more-link\"><span class=\"screen-reader-text\">Masao Kagawa<\/span> b\u0151vebben&#8230; <span class=\"meta-nav\">&rarr;<\/span><\/a><\/p>\n","protected":false},"author":1,"featured_media":0,"parent":0,"menu_order":0,"comment_status":"closed","ping_status":"closed","template":"","meta":{"footnotes":""},"class_list":["post-108","page","type-page","status-publish","hentry"],"_links":{"self":[{"href":"https:\/\/www.jks.hu\/index.php?rest_route=\/wp\/v2\/pages\/108","targetHints":{"allow":["GET"]}}],"collection":[{"href":"https:\/\/www.jks.hu\/index.php?rest_route=\/wp\/v2\/pages"}],"about":[{"href":"https:\/\/www.jks.hu\/index.php?rest_route=\/wp\/v2\/types\/page"}],"author":[{"embeddable":true,"href":"https:\/\/www.jks.hu\/index.php?rest_route=\/wp\/v2\/users\/1"}],"replies":[{"embeddable":true,"href":"https:\/\/www.jks.hu\/index.php?rest_route=%2Fwp%2Fv2%2Fcomments&post=108"}],"version-history":[{"count":2,"href":"https:\/\/www.jks.hu\/index.php?rest_route=\/wp\/v2\/pages\/108\/revisions"}],"predecessor-version":[{"id":113,"href":"https:\/\/www.jks.hu\/index.php?rest_route=\/wp\/v2\/pages\/108\/revisions\/113"}],"wp:attachment":[{"href":"https:\/\/www.jks.hu\/index.php?rest_route=%2Fwp%2Fv2%2Fmedia&parent=108"}],"curies":[{"name":"wp","href":"https:\/\/api.w.org\/{rel}","templated":true}]}}