{"id":105,"date":"2011-06-19T10:43:57","date_gmt":"2011-06-19T10:43:57","guid":{"rendered":"http:\/\/www.jks.hu\/?page_id=105"},"modified":"2023-01-13T11:22:55","modified_gmt":"2023-01-13T11:22:55","slug":"instruktorok","status":"publish","type":"page","link":"https:\/\/www.jks.hu\/?page_id=105","title":{"rendered":"Instruktorok"},"content":{"rendered":"<p>A fenti leg\u00f6rd\u00fcl\u0151 \u00a0men\u00fcb\u0151l v\u00e1lasztva megismerheti a JKS Sz\u00f6vets\u00e9g vezet\u0151 instruktorait.<\/p>\n<p><strong><span style=\"color: #993300;\">Nemzetk\u00f6zi JKS<\/span><\/strong><\/p>\n<p>Tetsuhiko Asai 10. dan &#8211; A JKS alap\u00edt\u00f3ja<\/p>\n<p>Masao Kagawa 9. dan &#8211; \u00a0A JKS technikai vezet\u0151je<\/p>\n<p>Takashi Yamaguchi 8.dan &#8211; A JKS nemzetk\u00f6zi technikai instruktora<\/p>\n<p>Yutaka Koike 6. dan &#8211; A JKS Sv\u00e1jci vezet\u0151je, a JKS Magyarorsz\u00e1g technikai vezet\u0151je<\/p>\n<p>&nbsp;<\/p>\n","protected":false},"excerpt":{"rendered":"<p>A fenti leg\u00f6rd\u00fcl\u0151 \u00a0men\u00fcb\u0151l v\u00e1lasztva megismerheti a JKS Sz\u00f6vets\u00e9g vezet\u0151 instruktorait. Nemzetk\u00f6zi JKS Tetsuhiko Asai 10. dan &#8211; A JKS alap\u00edt\u00f3ja Masao Kagawa 9. dan &#8211; \u00a0A JKS technikai vezet\u0151je Takashi Yamaguchi 8.dan &#8211; A JKS nemzetk\u00f6zi technikai instruktora Yutaka Koike 6. dan &#8211; A JKS Sv\u00e1jci vezet\u0151je, a JKS Magyarorsz\u00e1g technikai vezet\u0151je &nbsp;<\/p>\n","protected":false},"author":1,"featured_media":0,"parent":0,"menu_order":0,"comment_status":"closed","ping_status":"closed","template":"","meta":{"footnotes":""},"class_list":["post-105","page","type-page","status-publish","hentry"],"_links":{"self":[{"href":"https:\/\/www.jks.hu\/index.php?rest_route=\/wp\/v2\/pages\/105","targetHints":{"allow":["GET"]}}],"collection":[{"href":"https:\/\/www.jks.hu\/index.php?rest_route=\/wp\/v2\/pages"}],"about":[{"href":"https:\/\/www.jks.hu\/index.php?rest_route=\/wp\/v2\/types\/page"}],"author":[{"embeddable":true,"href":"https:\/\/www.jks.hu\/index.php?rest_route=\/wp\/v2\/users\/1"}],"replies":[{"embeddable":true,"href":"https:\/\/www.jks.hu\/index.php?rest_route=%2Fwp%2Fv2%2Fcomments&post=105"}],"version-history":[{"count":4,"href":"https:\/\/www.jks.hu\/index.php?rest_route=\/wp\/v2\/pages\/105\/revisions"}],"predecessor-version":[{"id":1311,"href":"https:\/\/www.jks.hu\/index.php?rest_route=\/wp\/v2\/pages\/105\/revisions\/1311"}],"wp:attachment":[{"href":"https:\/\/www.jks.hu\/index.php?rest_route=%2Fwp%2Fv2%2Fmedia&parent=105"}],"curies":[{"name":"wp","href":"https:\/\/api.w.org\/{rel}","templated":true}]}}